{"id":191,"date":"2016-09-03T21:39:13","date_gmt":"2016-09-03T21:39:13","guid":{"rendered":"http:\/\/localhost\/site\/?page_id=191"},"modified":"2016-09-06T09:08:35","modified_gmt":"2016-09-06T09:08:35","slug":"cjenovnik-2","status":"publish","type":"page","link":"https:\/\/motel-veljine.com\/site\/?page_id=191&lang=bs","title":{"rendered":"Cjenovnik"},"content":{"rendered":"\n<table id=\"tablepress-1\" class=\"tablepress tablepress-id-1\">\n<thead>\n<tr class=\"row-1 odd\">\n\t<th class=\"column-1\"><\/th><th class=\"column-2\"><\/th>\n<\/tr>\n<\/thead>\n<tbody class=\"row-hover\">\n<tr class=\"row-2 even\">\n\t<td class=\"column-1\">Jednokrevetna soba<\/td><td class=\"column-2\">55 KM<\/td>\n<\/tr>\n<tr class=\"row-3 odd\">\n\t<td class=\"column-1\">Dvokrevetna soba<\/td><td class=\"column-2\">80 KM<\/td>\n<\/tr>\n<tr class=\"row-4 even\">\n\t<td class=\"column-1\">Trokrevetna soba<\/td><td class=\"column-2\">100 KM<\/td>\n<\/tr>\n<tr class=\"row-5 odd\">\n\t<td class=\"column-1\">Apartman<\/td><td class=\"column-2\">100 KM<\/td>\n<\/tr>\n<tr class=\"row-6 even\">\n\t<td class=\"column-1\">Napomena: u cijenu je ura\u010dunat i doru\u010dak u na\u0161em restoranu<\/td><td class=\"column-2\"><\/td>\n<\/tr>\n<tr class=\"row-7 odd\">\n\t<td class=\"column-1\">Boravi\u0161na taksa: 3 KM po osobi<\/td><td class=\"column-2\"><\/td>\n<\/tr>\n<tr class=\"row-8 even\">\n\t<td class=\"column-1\">Osiguranje: 0,50 KM po osobi<\/td><td class=\"column-2\"><\/td>\n<\/tr>\n<\/tbody>\n<\/table>\n<!-- #tablepress-1 from cache -->\n","protected":false},"excerpt":{"rendered":"","protected":false},"author":1,"featured_media":0,"parent":0,"menu_order":0,"comment_status":"closed","ping_status":"closed","template":"","meta":{"footnotes":""},"class_list":["post-191","page","type-page","status-publish","hentry"],"_links":{"self":[{"href":"https:\/\/motel-veljine.com\/site\/index.php?rest_route=\/wp\/v2\/pages\/191","targetHints":{"allow":["GET"]}}],"collection":[{"href":"https:\/\/motel-veljine.com\/site\/index.php?rest_route=\/wp\/v2\/pages"}],"about":[{"href":"https:\/\/motel-veljine.com\/site\/index.php?rest_route=\/wp\/v2\/types\/page"}],"author":[{"embeddable":true,"href":"https:\/\/motel-veljine.com\/site\/index.php?rest_route=\/wp\/v2\/users\/1"}],"replies":[{"embeddable":true,"href":"https:\/\/motel-veljine.com\/site\/index.php?rest_route=%2Fwp%2Fv2%2Fcomments&post=191"}],"version-history":[{"count":2,"href":"https:\/\/motel-veljine.com\/site\/index.php?rest_route=\/wp\/v2\/pages\/191\/revisions"}],"predecessor-version":[{"id":304,"href":"https:\/\/motel-veljine.com\/site\/index.php?rest_route=\/wp\/v2\/pages\/191\/revisions\/304"}],"wp:attachment":[{"href":"https:\/\/motel-veljine.com\/site\/index.php?rest_route=%2Fwp%2Fv2%2Fmedia&parent=191"}],"curies":[{"name":"wp","href":"https:\/\/api.w.org\/{rel}","templated":true}]}}