{"id":222,"date":"2016-09-03T22:11:22","date_gmt":"2016-09-03T22:11:22","guid":{"rendered":"http:\/\/localhost\/site\/?page_id=222"},"modified":"2016-09-26T11:53:46","modified_gmt":"2016-09-26T11:53:46","slug":"sobe","status":"publish","type":"page","link":"https:\/\/motel-veljine.com\/site\/?page_id=222&lang=bs","title":{"rendered":"Sobe"},"content":{"rendered":"<p>Motel Veljine raspola\u017ee sa 10 moderno i udobno namje\u0161tenih soba sa ukupno 20 le\u017eaja. Sve sobe su, uz luksuzno kupatilo, tako\u0111e moderno opremljene sa TV-om, telefonom, klimom, Internetom i mini-barom.<\/p>\n<p><img loading=\"lazy\" decoding=\"async\" class=\"alignleft wp-image-334 size-medium\" src=\"http:\/\/motel-veljine.com\/site\/wp-content\/uploads\/2016\/09\/IMG_6070-300x200.jpg\" alt=\"img_6070\" width=\"300\" height=\"200\" srcset=\"https:\/\/motel-veljine.com\/site\/wp-content\/uploads\/2016\/09\/IMG_6070-300x200.jpg 300w, https:\/\/motel-veljine.com\/site\/wp-content\/uploads\/2016\/09\/IMG_6070-768x512.jpg 768w, https:\/\/motel-veljine.com\/site\/wp-content\/uploads\/2016\/09\/IMG_6070-1024x683.jpg 1024w, https:\/\/motel-veljine.com\/site\/wp-content\/uploads\/2016\/09\/IMG_6070.jpg 1920w\" sizes=\"auto, (max-width: 300px) 100vw, 300px\" \/><img loading=\"lazy\" decoding=\"async\" class=\"size-medium wp-image-337 alignleft\" src=\"http:\/\/motel-veljine.com\/site\/wp-content\/uploads\/2016\/09\/IMG_6075-300x200.jpg\" alt=\"img_6075\" width=\"300\" height=\"200\" srcset=\"https:\/\/motel-veljine.com\/site\/wp-content\/uploads\/2016\/09\/IMG_6075-300x200.jpg 300w, https:\/\/motel-veljine.com\/site\/wp-content\/uploads\/2016\/09\/IMG_6075-768x512.jpg 768w, https:\/\/motel-veljine.com\/site\/wp-content\/uploads\/2016\/09\/IMG_6075-1024x683.jpg 1024w, https:\/\/motel-veljine.com\/site\/wp-content\/uploads\/2016\/09\/IMG_6075.jpg 1920w\" sizes=\"auto, (max-width: 300px) 100vw, 300px\" \/><img loading=\"lazy\" decoding=\"async\" class=\"size-medium wp-image-364 alignleft\" src=\"http:\/\/motel-veljine.com\/site\/wp-content\/uploads\/2016\/09\/IMG_6097-1-300x200.jpg\" alt=\"img_6097\" width=\"300\" height=\"200\" srcset=\"https:\/\/motel-veljine.com\/site\/wp-content\/uploads\/2016\/09\/IMG_6097-1-300x200.jpg 300w, https:\/\/motel-veljine.com\/site\/wp-content\/uploads\/2016\/09\/IMG_6097-1-768x512.jpg 768w, https:\/\/motel-veljine.com\/site\/wp-content\/uploads\/2016\/09\/IMG_6097-1-1024x683.jpg 1024w, https:\/\/motel-veljine.com\/site\/wp-content\/uploads\/2016\/09\/IMG_6097-1.jpg 1920w\" sizes=\"auto, (max-width: 300px) 100vw, 300px\" \/><\/p>\n<p><img loading=\"lazy\" decoding=\"async\" class=\"alignleft wp-image-368\" src=\"http:\/\/motel-veljine.com\/site\/wp-content\/uploads\/2016\/09\/IMG_6093-1-200x300.jpg\" alt=\"img_6093\" width=\"300\" height=\"450\" srcset=\"https:\/\/motel-veljine.com\/site\/wp-content\/uploads\/2016\/09\/IMG_6093-1-200x300.jpg 200w, https:\/\/motel-veljine.com\/site\/wp-content\/uploads\/2016\/09\/IMG_6093-1-768x1152.jpg 768w, https:\/\/motel-veljine.com\/site\/wp-content\/uploads\/2016\/09\/IMG_6093-1-683x1024.jpg 683w, https:\/\/motel-veljine.com\/site\/wp-content\/uploads\/2016\/09\/IMG_6093-1.jpg 1280w\" sizes=\"auto, (max-width: 300px) 100vw, 300px\" \/> <img loading=\"lazy\" decoding=\"async\" class=\"alignleft wp-image-367\" src=\"http:\/\/motel-veljine.com\/site\/wp-content\/uploads\/2016\/09\/IMG_6092-1-200x300.jpg\" alt=\"img_6092\" width=\"300\" height=\"450\" srcset=\"https:\/\/motel-veljine.com\/site\/wp-content\/uploads\/2016\/09\/IMG_6092-1-200x300.jpg 200w, https:\/\/motel-veljine.com\/site\/wp-content\/uploads\/2016\/09\/IMG_6092-1-768x1152.jpg 768w, https:\/\/motel-veljine.com\/site\/wp-content\/uploads\/2016\/09\/IMG_6092-1-683x1024.jpg 683w, https:\/\/motel-veljine.com\/site\/wp-content\/uploads\/2016\/09\/IMG_6092-1.jpg 1280w\" sizes=\"auto, (max-width: 300px) 100vw, 300px\" \/> <img loading=\"lazy\" decoding=\"async\" class=\"alignleft wp-image-366\" src=\"http:\/\/motel-veljine.com\/site\/wp-content\/uploads\/2016\/09\/IMG_6084-1-200x300.jpg\" alt=\"img_6084\" width=\"300\" height=\"450\" srcset=\"https:\/\/motel-veljine.com\/site\/wp-content\/uploads\/2016\/09\/IMG_6084-1-200x300.jpg 200w, https:\/\/motel-veljine.com\/site\/wp-content\/uploads\/2016\/09\/IMG_6084-1-768x1152.jpg 768w, https:\/\/motel-veljine.com\/site\/wp-content\/uploads\/2016\/09\/IMG_6084-1-683x1024.jpg 683w, https:\/\/motel-veljine.com\/site\/wp-content\/uploads\/2016\/09\/IMG_6084-1.jpg 1280w\" sizes=\"auto, (max-width: 300px) 100vw, 300px\" \/><\/p>\n","protected":false},"excerpt":{"rendered":"<p>Motel Veljine raspola\u017ee sa 10 moderno i udobno namje\u0161tenih soba sa ukupno 20 le\u017eaja. Sve sobe su, uz luksuzno kupatilo, tako\u0111e moderno opremljene sa TV-om, telefonom, klimom, Internetom i mini-barom.<\/p>\n","protected":false},"author":1,"featured_media":482,"parent":0,"menu_order":0,"comment_status":"closed","ping_status":"closed","template":"","meta":{"footnotes":""},"class_list":["post-222","page","type-page","status-publish","has-post-thumbnail","hentry"],"_links":{"self":[{"href":"https:\/\/motel-veljine.com\/site\/index.php?rest_route=\/wp\/v2\/pages\/222","targetHints":{"allow":["GET"]}}],"collection":[{"href":"https:\/\/motel-veljine.com\/site\/index.php?rest_route=\/wp\/v2\/pages"}],"about":[{"href":"https:\/\/motel-veljine.com\/site\/index.php?rest_route=\/wp\/v2\/types\/page"}],"author":[{"embeddable":true,"href":"https:\/\/motel-veljine.com\/site\/index.php?rest_route=\/wp\/v2\/users\/1"}],"replies":[{"embeddable":true,"href":"https:\/\/motel-veljine.com\/site\/index.php?rest_route=%2Fwp%2Fv2%2Fcomments&post=222"}],"version-history":[{"count":5,"href":"https:\/\/motel-veljine.com\/site\/index.php?rest_route=\/wp\/v2\/pages\/222\/revisions"}],"predecessor-version":[{"id":369,"href":"https:\/\/motel-veljine.com\/site\/index.php?rest_route=\/wp\/v2\/pages\/222\/revisions\/369"}],"wp:featuredmedia":[{"embeddable":true,"href":"https:\/\/motel-veljine.com\/site\/index.php?rest_route=\/wp\/v2\/media\/482"}],"wp:attachment":[{"href":"https:\/\/motel-veljine.com\/site\/index.php?rest_route=%2Fwp%2Fv2%2Fmedia&parent=222"}],"curies":[{"name":"wp","href":"https:\/\/api.w.org\/{rel}","templated":true}]}}